{"id":561,"date":"2025-09-09T17:11:08","date_gmt":"2025-09-09T15:11:08","guid":{"rendered":"https:\/\/www.environnement48.fr\/?page_id=561"},"modified":"2026-01-06T11:43:33","modified_gmt":"2026-01-06T10:43:33","slug":"matieres","status":"publish","type":"page","link":"https:\/\/www.environnement48.fr\/en\/plastique\/matieres\/","title":{"rendered":"Materials"},"content":{"rendered":"<div class=\"gb-element-f9b47cb8\">\n<img fetchpriority=\"high\" decoding=\"async\" width=\"2363\" height=\"1796\" class=\"gb-media-905d2cab\" alt=\"\" src=\"\/wp-content\/uploads\/2025\/09\/losange-vert-hachure-plante-2.png\" title=\"rhombus-green-hatchet-plant\" srcset=\"https:\/\/www.environnement48.fr\/wp-content\/uploads\/2025\/09\/losange-vert-hachure-plante-2.png 2363w, https:\/\/www.environnement48.fr\/wp-content\/uploads\/2025\/09\/losange-vert-hachure-plante-2-300x228.png 300w, https:\/\/www.environnement48.fr\/wp-content\/uploads\/2025\/09\/losange-vert-hachure-plante-2-1024x778.png 1024w, https:\/\/www.environnement48.fr\/wp-content\/uploads\/2025\/09\/losange-vert-hachure-plante-2-768x584.png 768w, https:\/\/www.environnement48.fr\/wp-content\/uploads\/2025\/09\/losange-vert-hachure-plante-2-1536x1167.png 1536w, https:\/\/www.environnement48.fr\/wp-content\/uploads\/2025\/09\/losange-vert-hachure-plante-2-2048x1557.png 2048w\" sizes=\"(max-width: 2363px) 100vw, 2363px\" \/>\n\n\n\n<h1 class=\"wp-block-heading has-text-align-center has-open-sans-font-family\" style=\"font-size:clamp(1.551rem, 1.551rem + ((1vw - 0.2rem) * 1.748), 2.6rem);font-style:normal;font-weight:700\">Materials<\/h1>\n<\/div>\n\n\n\n<div style=\"height:100px\" aria-hidden=\"true\" class=\"wp-block-spacer\"><\/div>\n\n\n\n<div class=\"gb-element-43908c6f\">\n<img decoding=\"async\" width=\"1611\" height=\"1611\" class=\"gb-media-15256d60\" alt=\"\" src=\"\/wp-content\/uploads\/2025\/09\/losange-vert-1.png\" title=\"losange-vert\" srcset=\"https:\/\/www.environnement48.fr\/wp-content\/uploads\/2025\/09\/losange-vert-1.png 1611w, https:\/\/www.environnement48.fr\/wp-content\/uploads\/2025\/09\/losange-vert-1-300x300.png 300w, https:\/\/www.environnement48.fr\/wp-content\/uploads\/2025\/09\/losange-vert-1-1024x1024.png 1024w, https:\/\/www.environnement48.fr\/wp-content\/uploads\/2025\/09\/losange-vert-1-150x150.png 150w, https:\/\/www.environnement48.fr\/wp-content\/uploads\/2025\/09\/losange-vert-1-768x768.png 768w, https:\/\/www.environnement48.fr\/wp-content\/uploads\/2025\/09\/losange-vert-1-1536x1536.png 1536w\" sizes=\"(max-width: 1611px) 100vw, 1611px\" \/>\n\n\n\n<div class=\"gb-element-861695e9\">\n<div class=\"gb-element-b4a60229\">\n<div>\n<h2 class=\"wp-block-heading has-base-color has-text-color has-link-color has-open-sans-font-family wp-elements-1fc0f3332dd99049c0df264dfd794f0b\" style=\"font-style:normal;font-weight:700\">R-PEHD<\/h2>\n\n\n\n<p class=\"has-base-color has-text-color has-link-color has-open-sans-font-family wp-elements-6927ccd0c79d001945e58f0180e7160d\" style=\"font-size:clamp(0.875em, 0.875rem + ((1vw - 0.2em) * 0.208), 1em);font-style:normal;font-weight:600\">Blow-moulded grade PE100G and PE100N<\/p>\n\n\n\n<p class=\"has-base-color has-text-color has-link-color has-open-sans-font-family wp-elements-31e43abf6262d06d7aff8c16aeccb1b0\" style=\"font-size:clamp(0.875em, 0.875rem + ((1vw - 0.2em) * 0.208), 1em);font-style:normal;font-weight:400\">This recycled high density blow moulding grade polyethylene is a copolymer with an average molecular weight MFI (5 kg, 190\u00b0C) of 2.0 g\/10min.<\/p>\n\n\n\n<p class=\"has-base-color has-text-color has-link-color has-open-sans-font-family wp-elements-4b6abf54c76f42ca22be82e24e358b16\" style=\"font-size:clamp(0.875em, 0.875rem + ((1vw - 0.2em) * 0.208), 1em);font-style:normal;font-weight:400\">This HDPE has good impact resistance and is easily converted by blow moulding, making it suitable for the manufacture of packaging such as bottles, flasks and small cans.<\/p>\n\n\n\n<p class=\"has-base-color has-text-color has-link-color has-open-sans-font-family wp-elements-8a79b5b086beff31aba8962169390e05\" style=\"font-size:clamp(0.875em, 0.875rem + ((1vw - 0.2em) * 0.208), 1em);font-style:normal;font-weight:400\">HDPE is also resistant to many chemicals, making it ideal for containers and packaging that may be exposed to corrosive or aggressive substances. It is available in black and grey.<\/p>\n\n\n\n\n\n<a class=\"gb-text-307da3b7 btn-matieres\" href=\"https:\/\/www.environnement48.fr\/wp-content\/uploads\/2025\/12\/PE-100-Black-Grey-EN-combine.pdf\" target=\"_blank\" rel=\"noopener\"><span class=\"gb-shape\"><svg aria-hidden=\"true\" role=\"img\" height=\"1em\" width=\"1em\" viewbox=\"0 0 256 512\" xmlns=\"http:\/\/www.w3.org\/2000\/svg\"><path fill=\"currentColor\" d=\"M224.3 273l-136 136c-9.4 9.4-24.6 9.4-33.9 0l-22.6-22.6c-9.4-9.4-9.4-24.6 0-33.9l96.4-96.4-96.4-96.4c-9.4-9.4-9.4-24.6 0-33.9L54.3 103c9.4-9.4 24.6-9.4 33.9 0l136 136c9.5 9.4 9.5 24.6.1 34z\"><\/path><\/svg><\/span><span class=\"gb-text\">Download the data sheet<\/span><\/a>\n<\/div>\n\n\n\n<div class=\"gb-element-b924bcdb\">\n<img decoding=\"async\" width=\"1000\" height=\"667\" class=\"gb-media-6d2c4f72\" alt=\"\" src=\"\/wp-content\/uploads\/2025\/09\/r-pehd-pe7030-polyethylene-recycle-environnement-massif-central.jpg\" title=\"r-pehd-pe7030-polyethylene-recycle-environment-massif-central\" srcset=\"https:\/\/www.environnement48.fr\/wp-content\/uploads\/2025\/09\/r-pehd-pe7030-polyethylene-recycle-environnement-massif-central.jpg 1000w, https:\/\/www.environnement48.fr\/wp-content\/uploads\/2025\/09\/r-pehd-pe7030-polyethylene-recycle-environnement-massif-central-300x200.jpg 300w, https:\/\/www.environnement48.fr\/wp-content\/uploads\/2025\/09\/r-pehd-pe7030-polyethylene-recycle-environnement-massif-central-768x512.jpg 768w\" sizes=\"(max-width: 1000px) 100vw, 1000px\" \/>\n<\/div>\n<\/div>\n\n\n\n<div style=\"height:100px\" aria-hidden=\"true\" class=\"wp-block-spacer\"><\/div>\n\n\n\n<div class=\"gb-element-c5f5e203\">\n<div>\n<img loading=\"lazy\" decoding=\"async\" width=\"1000\" height=\"667\" class=\"gb-media-9a7217ef\" alt=\"\" src=\"\/wp-content\/uploads\/2025\/09\/r-pehd-blanc-naturel-polyethylene-recycle-environnement-massif-central.jpg\" title=\"r-pehd-natural-white-polyethylene-recycle-environment-massif-central\" srcset=\"https:\/\/www.environnement48.fr\/wp-content\/uploads\/2025\/09\/r-pehd-blanc-naturel-polyethylene-recycle-environnement-massif-central.jpg 1000w, https:\/\/www.environnement48.fr\/wp-content\/uploads\/2025\/09\/r-pehd-blanc-naturel-polyethylene-recycle-environnement-massif-central-300x200.jpg 300w, https:\/\/www.environnement48.fr\/wp-content\/uploads\/2025\/09\/r-pehd-blanc-naturel-polyethylene-recycle-environnement-massif-central-768x512.jpg 768w\" sizes=\"(max-width: 1000px) 100vw, 1000px\" \/>\n\n\n\n<p class=\"has-base-color has-text-color has-link-color has-open-sans-font-family wp-elements-2749b2881095543eefaa20a93f695334\" style=\"font-size:clamp(0.875em, 0.875rem + ((1vw - 0.2em) * 0.208), 1em);font-style:normal;font-weight:600\">Colourable grades: white or natural HDPE<\/p>\n\n\n\n<p class=\"has-base-color has-text-color has-link-color has-open-sans-font-family wp-elements-5b786850d76e80a306419d83b2bf07ef\" style=\"font-size:clamp(0.875em, 0.875rem + ((1vw - 0.2em) * 0.208), 1em);font-style:normal;font-weight:300\">These blow-moulding grade high density recycled polyethylenes are medium molecular weight copolymers.<br><br>They are mainly used for extrusion blow moulding and can be custom coloured using the converter's masterbatch.<\/p>\n\n\n\n\n\n<a class=\"gb-text-173bf8a0 btn-matieres\" href=\"https:\/\/www.environnement48.fr\/wp-content\/uploads\/2025\/12\/PE-100C-Natural-EN.pdf\" target=\"_blank\" rel=\"noopener\"><span class=\"gb-shape\"><svg aria-hidden=\"true\" role=\"img\" height=\"1em\" width=\"1em\" viewbox=\"0 0 256 512\" xmlns=\"http:\/\/www.w3.org\/2000\/svg\"><path fill=\"currentColor\" d=\"M224.3 273l-136 136c-9.4 9.4-24.6 9.4-33.9 0l-22.6-22.6c-9.4-9.4-9.4-24.6 0-33.9l96.4-96.4-96.4-96.4c-9.4-9.4-9.4-24.6 0-33.9L54.3 103c9.4-9.4 24.6-9.4 33.9 0l136 136c9.5 9.4 9.5 24.6.1 34z\"><\/path><\/svg><\/span><span class=\"gb-text\">Download the data sheet<\/span><\/a>\n<\/div>\n\n\n\n<div>\n<img loading=\"lazy\" decoding=\"async\" width=\"1000\" height=\"667\" class=\"gb-media-7cae4426\" alt=\"\" src=\"\/wp-content\/uploads\/2025\/09\/r-pehd-pe100n-polyethylene-recycle-environnement-massif-central.jpg\" title=\"r-pehd-pe100n-polyethylene-recycle-environment-massif-central\" srcset=\"https:\/\/www.environnement48.fr\/wp-content\/uploads\/2025\/09\/r-pehd-pe100n-polyethylene-recycle-environnement-massif-central.jpg 1000w, https:\/\/www.environnement48.fr\/wp-content\/uploads\/2025\/09\/r-pehd-pe100n-polyethylene-recycle-environnement-massif-central-300x200.jpg 300w, https:\/\/www.environnement48.fr\/wp-content\/uploads\/2025\/09\/r-pehd-pe100n-polyethylene-recycle-environnement-massif-central-768x512.jpg 768w\" sizes=\"(max-width: 1000px) 100vw, 1000px\" \/>\n\n\n\n<p class=\"has-base-color has-text-color has-link-color has-open-sans-font-family wp-elements-808039ae365c3d6f89d19beb32ad5b8f\" style=\"font-size:clamp(0.875em, 0.875rem + ((1vw - 0.2em) * 0.208), 1em);font-style:normal;font-weight:600\">Extrusion grade PE7030N and PE7030G<\/p>\n\n\n\n<p class=\"has-base-color has-text-color has-link-color has-open-sans-font-family wp-elements-27888047790f4f60eb76e5c9dbbc5dcf\" style=\"font-size:clamp(0.875em, 0.875rem + ((1vw - 0.2em) * 0.208), 1em);font-style:normal;font-weight:300\">This recycled high-density blow-moulding grade polyethylene is a high molecular weight copolymer with an MFI (5 kg, 190\u00b0C) of 1.0 g\/10min.<br><br>This HDPE has good tensile strength and is easily transformed by profile extrusion processes, making it suitable for the manufacture of a variety of pipes.<br><br>HDPE is also resistant to stress cracking, making it ideal for particularly demanding applications. It is available in black and grey.<\/p>\n\n\n\n\n\n<a class=\"gb-text-e1a7d79e btn-matieres\" href=\"https:\/\/www.environnement48.fr\/wp-content\/uploads\/2025\/12\/PE-7030AG-Black-Grey-EN.pdf\" target=\"_blank\" rel=\"noopener\"><span class=\"gb-shape\"><svg aria-hidden=\"true\" role=\"img\" height=\"1em\" width=\"1em\" viewbox=\"0 0 256 512\" xmlns=\"http:\/\/www.w3.org\/2000\/svg\"><path fill=\"currentColor\" d=\"M224.3 273l-136 136c-9.4 9.4-24.6 9.4-33.9 0l-22.6-22.6c-9.4-9.4-9.4-24.6 0-33.9l96.4-96.4-96.4-96.4c-9.4-9.4-9.4-24.6 0-33.9L54.3 103c9.4-9.4 24.6-9.4 33.9 0l136 136c9.5 9.4 9.5 24.6.1 34z\"><\/path><\/svg><\/span><span class=\"gb-text\">Download the data sheet<\/span><\/a>\n<\/div>\n<\/div>\n\n\n\n<div class=\"gb-element-2088718d\">\n<div style=\"height:100px\" aria-hidden=\"true\" class=\"wp-block-spacer\"><\/div>\n\n\n\n<hr class=\"wp-block-separator has-text-color has-alpha-channel-opacity has-background is-style-wide\" style=\"margin-top:0;margin-bottom:0;background-color:#009245;color:#009245\"\/>\n<\/div>\n\n\n\n<div style=\"height:100px\" aria-hidden=\"true\" class=\"wp-block-spacer\"><\/div>\n\n\n\n<div class=\"gb-element-ba1e9e15\">\n<div class=\"gb-element-9e0d0799\">\n<img loading=\"lazy\" decoding=\"async\" width=\"1000\" height=\"667\" class=\"gb-media-60cf4477\" alt=\"\" src=\"\/wp-content\/uploads\/2025\/09\/r-pp-ppg12100n-polypropylene-recycle-environnement-massif-central.jpg\" title=\"r-pp-ppg12100n-polypropylene-recycle-environment-massif-central\" srcset=\"https:\/\/www.environnement48.fr\/wp-content\/uploads\/2025\/09\/r-pp-ppg12100n-polypropylene-recycle-environnement-massif-central.jpg 1000w, https:\/\/www.environnement48.fr\/wp-content\/uploads\/2025\/09\/r-pp-ppg12100n-polypropylene-recycle-environnement-massif-central-300x200.jpg 300w, https:\/\/www.environnement48.fr\/wp-content\/uploads\/2025\/09\/r-pp-ppg12100n-polypropylene-recycle-environnement-massif-central-768x512.jpg 768w\" sizes=\"(max-width: 1000px) 100vw, 1000px\" \/>\n<\/div>\n\n\n\n<div>\n<h2 class=\"wp-block-heading has-base-color has-text-color has-link-color has-open-sans-font-family wp-elements-4da9397ce67c91c84d88443da6946201\" style=\"font-style:normal;font-weight:700\">R-PP<\/h2>\n\n\n\n<p class=\"has-base-color has-text-color has-link-color has-open-sans-font-family wp-elements-38278f0d3f4754f897dd3e0bf5adb163\" style=\"font-size:clamp(0.875em, 0.875rem + ((1vw - 0.2em) * 0.208), 1em);font-style:normal;font-weight:600\">Medium flow injection grade: PPG12100N and PPG12100G<\/p>\n\n\n\n<p class=\"has-base-color has-text-color has-link-color has-open-sans-font-family wp-elements-8b7b96486e395b3e4e49b5bc1d5176c9\" style=\"font-size:clamp(0.875em, 0.875rem + ((1vw - 0.2em) * 0.208), 1em);font-style:normal;font-weight:400\">This medium-flow recycled polypropylene is a copolymer known as PP COPO.<\/p>\n\n\n\n<p class=\"has-base-color has-text-color has-link-color has-open-sans-font-family wp-elements-9bd464c53719bc935ecfb00c1b499b68\" style=\"font-size:clamp(0.875em, 0.875rem + ((1vw - 0.2em) * 0.208), 1em);font-style:normal;font-weight:400\">This PP has an MFI of 12 to 15 g\/10 min, which facilitates injection moulding. This results in well-formed parts with a good level of detail.<\/p>\n\n\n\n<p class=\"has-base-color has-text-color has-link-color has-open-sans-font-family wp-elements-489e84ed5e30a46261f5d83a7ae3e37c\" style=\"font-size:clamp(0.875em, 0.875rem + ((1vw - 0.2em) * 0.208), 1em);font-style:normal;font-weight:400\">This level of MFI also provides a good balance between mechanical properties and ease of processing, making recycled PP suitable for a variety of applications.<\/p>\n\n\n\n<p class=\"has-base-color has-text-color has-link-color has-open-sans-font-family wp-elements-4c8669e8e9db76f89740f1dbbb0e7584\" style=\"font-size:clamp(0.875em, 0.875rem + ((1vw - 0.2em) * 0.208), 1em);font-style:normal;font-weight:400\">This grade is recognised for its good resistance to impact, fatigue and corrosion, making it a durable material for a wide range of uses: child car seats, industrial enclosures, automotive parts, etc.<\/p>\n\n\n\n\n\n<a class=\"gb-text-04fb26c1 btn-matieres\" href=\"https:\/\/www.environnement48.fr\/wp-content\/uploads\/2026\/01\/PP-G12-100-black-combine.pdf\" target=\"_blank\" rel=\"noopener\"><span class=\"gb-shape\"><svg aria-hidden=\"true\" role=\"img\" height=\"1em\" width=\"1em\" viewbox=\"0 0 256 512\" xmlns=\"http:\/\/www.w3.org\/2000\/svg\"><path fill=\"currentColor\" d=\"M224.3 273l-136 136c-9.4 9.4-24.6 9.4-33.9 0l-22.6-22.6c-9.4-9.4-9.4-24.6 0-33.9l96.4-96.4-96.4-96.4c-9.4-9.4-9.4-24.6 0-33.9L54.3 103c9.4-9.4 24.6-9.4 33.9 0l136 136c9.5 9.4 9.5 24.6.1 34z\"><\/path><\/svg><\/span><span class=\"gb-text\">Download the data sheet<\/span><\/a>\n<\/div>\n<\/div>\n\n\n\n<div style=\"height:100px\" aria-hidden=\"true\" class=\"wp-block-spacer\"><\/div>\n\n\n\n<div class=\"gb-element-cbd1c323\">\n<div>\n<img loading=\"lazy\" decoding=\"async\" width=\"1000\" height=\"667\" class=\"gb-media-832f05ea\" alt=\"\" src=\"\/wp-content\/uploads\/2025\/09\/r-pp-ppg20100n-polypropylene-recycle-environnement-massif-central.jpg\" title=\"r-pp-ppg20100n-polypropylene-recycle-environment-massif-central\" srcset=\"https:\/\/www.environnement48.fr\/wp-content\/uploads\/2025\/09\/r-pp-ppg20100n-polypropylene-recycle-environnement-massif-central.jpg 1000w, https:\/\/www.environnement48.fr\/wp-content\/uploads\/2025\/09\/r-pp-ppg20100n-polypropylene-recycle-environnement-massif-central-300x200.jpg 300w, https:\/\/www.environnement48.fr\/wp-content\/uploads\/2025\/09\/r-pp-ppg20100n-polypropylene-recycle-environnement-massif-central-768x512.jpg 768w\" sizes=\"(max-width: 1000px) 100vw, 1000px\" \/>\n\n\n\n<p class=\"has-base-color has-text-color has-link-color has-open-sans-font-family wp-elements-76ab983f310b4eb1a0cdae18bd4cb435\" style=\"font-size:clamp(0.875em, 0.875rem + ((1vw - 0.2em) * 0.208), 1em);font-style:normal;font-weight:600\">High flow injection grade: PPG20100N\/G and PPG40100N\/G<\/p>\n\n\n\n<p class=\"has-base-color has-text-color has-link-color has-open-sans-font-family wp-elements-1e1da5913cebd077c2fa98e2ebf2f57c\" style=\"font-size:clamp(0.875em, 0.875rem + ((1vw - 0.2em) * 0.208), 1em);font-style:normal;font-weight:300\">This highly fluid recycled polypropylene is a copolymer known as PP COPO. This PP has an MFI of 20 or 40 g\/10 min depending on the reference chosen for thin objects.<br><br>This grade 20 or 40 recycled PP is often used to make rigid packaging, such as flower pots, tubs, containers and buckets, offering good mechanical flexibility.<br><br>It is also used in the production of household items, such as plastic furniture and casings for electronic appliances and electrical components, offering good heat resistance and electrical insulation.<\/p>\n\n\n\n\n\n<a class=\"gb-text-c16b93bf btn-matieres\" href=\"https:\/\/www.environnement48.fr\/wp-content\/uploads\/2026\/01\/PP-G20-100-Grey-fusionne.pdf\" target=\"_blank\" rel=\"noopener\"><span class=\"gb-shape\"><svg aria-hidden=\"true\" role=\"img\" height=\"1em\" width=\"1em\" viewbox=\"0 0 256 512\" xmlns=\"http:\/\/www.w3.org\/2000\/svg\"><path fill=\"currentColor\" d=\"M224.3 273l-136 136c-9.4 9.4-24.6 9.4-33.9 0l-22.6-22.6c-9.4-9.4-9.4-24.6 0-33.9l96.4-96.4-96.4-96.4c-9.4-9.4-9.4-24.6 0-33.9L54.3 103c9.4-9.4 24.6-9.4 33.9 0l136 136c9.5 9.4 9.5 24.6.1 34z\"><\/path><\/svg><\/span><span class=\"gb-text\">Download the data sheet<\/span><\/a>\n<\/div>\n\n\n\n<div>\n<img loading=\"lazy\" decoding=\"async\" width=\"1000\" height=\"667\" class=\"gb-media-9849dc2c\" alt=\"\" src=\"\/wp-content\/uploads\/2025\/09\/r-pp-blanc-naturel-polypropylene-recycle-environnement-massif-central.jpg\" title=\"r-pp-natural-white-polypropylene-recycle-environment-massif-central\" srcset=\"https:\/\/www.environnement48.fr\/wp-content\/uploads\/2025\/09\/r-pp-blanc-naturel-polypropylene-recycle-environnement-massif-central.jpg 1000w, https:\/\/www.environnement48.fr\/wp-content\/uploads\/2025\/09\/r-pp-blanc-naturel-polypropylene-recycle-environnement-massif-central-300x200.jpg 300w, https:\/\/www.environnement48.fr\/wp-content\/uploads\/2025\/09\/r-pp-blanc-naturel-polypropylene-recycle-environnement-massif-central-768x512.jpg 768w\" sizes=\"(max-width: 1000px) 100vw, 1000px\" \/>\n\n\n\n<p class=\"has-base-color has-text-color has-link-color has-open-sans-font-family wp-elements-7fb44e4a894a0506d0e8aeb055bae336\" style=\"font-size:clamp(0.875em, 0.875rem + ((1vw - 0.2em) * 0.208), 1em);font-style:normal;font-weight:600\">Colourable grade : white or natural PP<\/p>\n\n\n\n<p class=\"has-base-color has-text-color has-link-color has-open-sans-font-family wp-elements-37f0cd33a7e85c4fdf56d93c3b130362\" style=\"font-size:clamp(0.875em, 0.875rem + ((1vw - 0.2em) * 0.208), 1em);font-style:normal;font-weight:300\">These medium-flow recycled polypropylenes are medium molecular weight copolymers.<br><br>They are mainly used for thermoforming and injection moulding. They can be custom-coloured using masterbatches at the converter's.<\/p>\n\n\n\n<a class=\"gb-text-1519745b btn-matieres\" href=\"https:\/\/www.environnement48.fr\/wp-content\/uploads\/2025\/10\/Grade-colorable-PP-blanc-ou-naturel.pdf\"><span class=\"gb-shape\"><svg aria-hidden=\"true\" role=\"img\" height=\"1em\" width=\"1em\" viewbox=\"0 0 256 512\" xmlns=\"http:\/\/www.w3.org\/2000\/svg\"><path fill=\"currentColor\" d=\"M224.3 273l-136 136c-9.4 9.4-24.6 9.4-33.9 0l-22.6-22.6c-9.4-9.4-9.4-24.6 0-33.9l96.4-96.4-96.4-96.4c-9.4-9.4-9.4-24.6 0-33.9L54.3 103c9.4-9.4 24.6-9.4 33.9 0l136 136c9.5 9.4 9.5 24.6.1 34z\"><\/path><\/svg><\/span><span class=\"gb-text\">Download the data sheet<\/span><\/a>\n<\/div>\n<\/div>\n<\/div>\n\n\n\n<img loading=\"lazy\" decoding=\"async\" width=\"1819\" height=\"1796\" class=\"gb-media-c035908d\" alt=\"\" src=\"\/wp-content\/uploads\/2025\/09\/losange-vert-hachure.png\" title=\"diamond-green-hatch\" srcset=\"https:\/\/www.environnement48.fr\/wp-content\/uploads\/2025\/09\/losange-vert-hachure.png 1819w, https:\/\/www.environnement48.fr\/wp-content\/uploads\/2025\/09\/losange-vert-hachure-300x296.png 300w, https:\/\/www.environnement48.fr\/wp-content\/uploads\/2025\/09\/losange-vert-hachure-1024x1011.png 1024w, https:\/\/www.environnement48.fr\/wp-content\/uploads\/2025\/09\/losange-vert-hachure-768x758.png 768w, https:\/\/www.environnement48.fr\/wp-content\/uploads\/2025\/09\/losange-vert-hachure-1536x1517.png 1536w\" sizes=\"(max-width: 1819px) 100vw, 1819px\" \/>\n<\/div>\n\n\n\n<div style=\"height:100px\" aria-hidden=\"true\" class=\"wp-block-spacer\"><\/div>","protected":false},"excerpt":{"rendered":"<p>Mati\u00e8res R-PEHD Grade soufflage PE100G et PE100N Ce poly\u00e9thyl\u00e8ne recycl\u00e9 haute densit\u00e9 de grade soufflage est un copolym\u00e8re de poids mol\u00e9culaire moyen de MFI (5 kg, 190\u00b0C) de 2,0 g\/10min. Ce PEHD pr\u00e9sente une bonne r\u00e9sistance aux chocs et est facilement transformable par des proc\u00e9d\u00e9s de soufflage, ce qui le rend adapt\u00e9 pour la fabrication [&hellip;]<\/p>","protected":false},"author":1,"featured_media":0,"parent":1848,"menu_order":0,"comment_status":"closed","ping_status":"closed","template":"","meta":{"_seopress_robots_primary_cat":"","_seopress_titles_title":"Mati\u00e8res : Les Diff\u00e9rentes Mati\u00e8res Produites \u00e0 Partir de D\u00e9chets","_seopress_titles_desc":"D\u00e9couvrez toutes les mati\u00e8res que nous produisons gr\u00e2ce au traitement et \u00e0 la revalorisation de d\u00e9chets : poly\u00e9thyl\u00e8ne et polypropyl\u00e8ne.","_seopress_robots_index":"","footnotes":""},"class_list":["post-561","page","type-page","status-publish","hentry"],"_links":{"self":[{"href":"https:\/\/www.environnement48.fr\/en\/wp-json\/wp\/v2\/pages\/561","targetHints":{"allow":["GET"]}}],"collection":[{"href":"https:\/\/www.environnement48.fr\/en\/wp-json\/wp\/v2\/pages"}],"about":[{"href":"https:\/\/www.environnement48.fr\/en\/wp-json\/wp\/v2\/types\/page"}],"author":[{"embeddable":true,"href":"https:\/\/www.environnement48.fr\/en\/wp-json\/wp\/v2\/users\/1"}],"replies":[{"embeddable":true,"href":"https:\/\/www.environnement48.fr\/en\/wp-json\/wp\/v2\/comments?post=561"}],"version-history":[{"count":10,"href":"https:\/\/www.environnement48.fr\/en\/wp-json\/wp\/v2\/pages\/561\/revisions"}],"predecessor-version":[{"id":3870,"href":"https:\/\/www.environnement48.fr\/en\/wp-json\/wp\/v2\/pages\/561\/revisions\/3870"}],"up":[{"embeddable":true,"href":"https:\/\/www.environnement48.fr\/en\/wp-json\/wp\/v2\/pages\/1848"}],"wp:attachment":[{"href":"https:\/\/www.environnement48.fr\/en\/wp-json\/wp\/v2\/media?parent=561"}],"curies":[{"name":"wp","href":"https:\/\/api.w.org\/{rel}","templated":true}]}}