{"id":556,"date":"2025-09-09T17:53:45","date_gmt":"2025-09-09T15:53:45","guid":{"rendered":"https:\/\/www.environnement48.fr\/?page_id=556"},"modified":"2025-10-27T15:44:39","modified_gmt":"2025-10-27T14:44:39","slug":"production","status":"publish","type":"page","link":"https:\/\/www.environnement48.fr\/en\/plastique\/production\/","title":{"rendered":"Production"},"content":{"rendered":"<div class=\"gb-element-da124a5c\">\n<div class=\"gb-element-e4f4b1e7\">\n<div class=\"gb-element-c7ff327e\">\n<div class=\"gb-element-7c2a3b2a\" style=\"--inline-bg-image: url(\/wp-content\/uploads\/2025\/09\/lac-de-charpal-ingenierie-environnement-massif-central.jpg)\"><\/div>\n\n\n\n<div class=\"gb-element-fc8907b7\" style=\"--inline-bg-image: url(\/wp-content\/uploads\/2025\/09\/lac-de-charpal-ingenierie-environnement-massif-central.jpg)\"><\/div>\n\n\n\n<img decoding=\"async\" class=\"gb-media-25acd8a8\" alt=\"\" src=\"https:\/\/environnement48.d74.test\/wp-content\/uploads\/2025\/09\/losange-texture-vert-clair-1.png\" title=\"diamond-texture-green-clear (1)\"\/>\n\n\n\n<div class=\"gb-element-4b98d7c3\">\n<h1 class=\"wp-block-heading has-open-sans-font-family\" style=\"font-size:clamp(25.014px, 1.563rem + ((1vw - 3.2px) * 1.769), 42px);font-style:normal;font-weight:700\">Production<\/h1>\n\n\n\n<p class=\"has-text-color has-link-color has-open-sans-font-family wp-elements-b7d653ea1ee63d7c1876b743bc022687\" style=\"color:#666666;font-size:clamp(14px, 0.875rem + ((1vw - 3.2px) * 0.208), 16px);font-style:normal;font-weight:600\">A story that goes back to 1997. Environnement Massif Central, founded in 1997 by Olivier Dalle, integrates the entire plastics recycling value chain.<\/p>\n\n\n\n<p class=\"has-text-color has-link-color has-open-sans-font-family wp-elements-3c86141a232d43fd0ad9f13c67070153\" style=\"color:#666666;font-size:clamp(14px, 0.875rem + ((1vw - 3.2px) * 0.208), 16px);font-style:normal;font-weight:500\">The site includes the three units needed to regenerate polyolefins: a sorting centre entirely dedicated to mixed household packaging and equipped with the latest generation of optical sorting machines, a shredding-sorting-washing plant for this sorted waste and, finally, several extrusion lines to supply ready-to-use pellets to plastics manufacturers.<\/p>\n\n\n\n<p class=\"has-text-color has-link-color has-open-sans-font-family wp-elements-2c024673464c79d5b7e6a5b54ecb19fc\" style=\"color:#666666;font-size:clamp(14px, 0.875rem + ((1vw - 3.2px) * 0.208), 16px);font-style:normal;font-weight:500\">These activities enable the company to regenerate more than 20,000 tonnes a year of HDPE and PP in the form of flakes and granules. Increased investment in production facilities over the past decade has enabled the company to reach this capacity, which is set to rise sharply over the next few years in response to market pressure.<\/p>\n<\/div>\n<\/div>\n<\/div>\n<\/div>\n\n\n\n<div>\n<div style=\"height:200px\" aria-hidden=\"true\" class=\"wp-block-spacer\"><\/div>\n<\/div>\n\n\n\n<div class=\"gb-element-d668bb8c\">\n<div class=\"gb-element-6d3c8e53\">\n<div class=\"gb-element-a5b582e4\">\n<div class=\"gb-element-5d976d63\">\n<div>\n<h2 class=\"wp-block-heading has-base-color has-text-color has-link-color has-open-sans-font-family wp-elements-27364d9ec6b2bd69bbe07347a6871c0f\" style=\"font-size:clamp(1.352em, 1.352rem + ((1vw - 0.2em) * 1.413), 2.2em);font-style:normal;font-weight:700\">100% French waste supplied exclusively with post-consumer waste<\/h2>\n\n\n\n<p class=\"has-base-color has-text-color has-link-color has-open-sans-font-family wp-elements-80c4011dbc886a2db85148618797eedd\" style=\"font-size:clamp(0.875em, 0.875rem + ((1vw - 0.2em) * 0.375), 1.1em);font-style:normal;font-weight:400\">We have been working closely for over 10 years with our long-standing partners CITEO and VALORPLAST for packaging, and ADIVALOR for agricultural waste.<\/p>\n\n\n\n<p class=\"has-base-color has-text-color has-link-color has-open-sans-font-family wp-elements-8633abb338dede8bd36d88064e819a92\" style=\"font-size:clamp(0.875em, 0.875rem + ((1vw - 0.2em) * 0.375), 1.1em);font-style:normal;font-weight:400\">These structures guarantee the traceability and 100% French origin of the waste from which all the pellets offered by the company come.<\/p>\n<\/div>\n\n\n\n<div class=\"gb-element-0110652a\">\n<img fetchpriority=\"high\" decoding=\"async\" width=\"1000\" height=\"750\" class=\"gb-media-038ba3c1\" alt=\"\" src=\"\/wp-content\/uploads\/2025\/09\/approvisionnement-dechets-francais-environnement-massif-central.jpg\" title=\"french-waste-supply-environment-central-massif\" srcset=\"https:\/\/www.environnement48.fr\/wp-content\/uploads\/2025\/09\/approvisionnement-dechets-francais-environnement-massif-central.jpg 1000w, https:\/\/www.environnement48.fr\/wp-content\/uploads\/2025\/09\/approvisionnement-dechets-francais-environnement-massif-central-300x225.jpg 300w, https:\/\/www.environnement48.fr\/wp-content\/uploads\/2025\/09\/approvisionnement-dechets-francais-environnement-massif-central-768x576.jpg 768w\" sizes=\"(max-width: 1000px) 100vw, 1000px\" \/>\n<\/div>\n<\/div>\n\n\n\n<div style=\"height:150px\" aria-hidden=\"true\" class=\"wp-block-spacer\"><\/div>\n\n\n\n<div class=\"gb-element-9d2b8385\">\n<img decoding=\"async\" width=\"1895\" height=\"2268\" class=\"gb-media-4a6f8775\" alt=\"\" src=\"\/wp-content\/uploads\/2025\/09\/plante-losange-hachures-vert-fonce.png\" title=\"plant-losange-hachures-green-fonce\" srcset=\"https:\/\/www.environnement48.fr\/wp-content\/uploads\/2025\/09\/plante-losange-hachures-vert-fonce.png 1895w, https:\/\/www.environnement48.fr\/wp-content\/uploads\/2025\/09\/plante-losange-hachures-vert-fonce-251x300.png 251w, https:\/\/www.environnement48.fr\/wp-content\/uploads\/2025\/09\/plante-losange-hachures-vert-fonce-856x1024.png 856w, https:\/\/www.environnement48.fr\/wp-content\/uploads\/2025\/09\/plante-losange-hachures-vert-fonce-768x919.png 768w, https:\/\/www.environnement48.fr\/wp-content\/uploads\/2025\/09\/plante-losange-hachures-vert-fonce-1283x1536.png 1283w, https:\/\/www.environnement48.fr\/wp-content\/uploads\/2025\/09\/plante-losange-hachures-vert-fonce-1711x2048.png 1711w\" sizes=\"(max-width: 1895px) 100vw, 1895px\" \/>\n\n\n\n<div class=\"gb-element-c9d534c8\">\n<img decoding=\"async\" width=\"1000\" height=\"750\" class=\"gb-media-7ddded92\" alt=\"\" src=\"\/wp-content\/uploads\/2025\/09\/surtri-emballages-plastiques-environnement-massif-central.jpg\" title=\"surtri-emballages-plastiques-environnement-massif-central\" srcset=\"https:\/\/www.environnement48.fr\/wp-content\/uploads\/2025\/09\/surtri-emballages-plastiques-environnement-massif-central.jpg 1000w, https:\/\/www.environnement48.fr\/wp-content\/uploads\/2025\/09\/surtri-emballages-plastiques-environnement-massif-central-300x225.jpg 300w, https:\/\/www.environnement48.fr\/wp-content\/uploads\/2025\/09\/surtri-emballages-plastiques-environnement-massif-central-768x576.jpg 768w\" sizes=\"(max-width: 1000px) 100vw, 1000px\" \/>\n<\/div>\n\n\n\n<div>\n<h2 class=\"wp-block-heading has-base-color has-text-color has-link-color has-open-sans-font-family wp-elements-219714d155a8987cfd03aad2834012db\" style=\"font-size:clamp(1.352em, 1.352rem + ((1vw - 0.2em) * 1.413), 2.2em);font-style:normal;font-weight:700\">Sorting household plastic packaging: from PET to PEPP<\/h2>\n\n\n\n<p class=\"has-base-color has-text-color has-link-color has-open-sans-font-family wp-elements-121ea9a3327fc43d7e57f97d9bd23c67\" style=\"font-size:clamp(0.875em, 0.875rem + ((1vw - 0.2em) * 0.375), 1.1em);font-style:normal;font-weight:400\">The historic sorting centre can identify and sort up to 5 different materials PET, PS, PE, PP and PVC and more than 10 sub-categories depending on the type of multilayer, colour and transparency of the objects.<\/p>\n\n\n\n<p class=\"has-base-color has-text-color has-link-color has-open-sans-font-family wp-elements-4f4ddfcf0cee814ebe25fa29728e7875\" style=\"font-size:clamp(0.875em, 0.875rem + ((1vw - 0.2em) * 0.375), 1.1em);font-style:normal;font-weight:400\">The unit can be adapted to all the different incoming plastic waste streams from the municipal sorting centres that manage the selective collection of French household packaging (the yellow bin).<\/p>\n\n\n\n<p class=\"has-base-color has-text-color has-link-color has-open-sans-font-family wp-elements-bbd39e02cb95d393644a51d05b1767ea\" style=\"font-size:clamp(0.875em, 0.875rem + ((1vw - 0.2em) * 0.375), 1.1em);font-style:normal;font-weight:400\">Our over-sorting centre enables us to maintain control over the purity of the sorted waste, ensuring consistent quality for the regenerated material.<\/p>\n\n\n\n<p class=\"has-base-color has-text-color has-link-color has-open-sans-font-family wp-elements-3a647005b27d961657a4daf273ffa17f\" style=\"font-size:clamp(0.875em, 0.875rem + ((1vw - 0.2em) * 0.375), 1.1em);font-style:normal;font-weight:400\">In addition, detailed knowledge of the type of waste that is recycled, combined with increasingly strict quality control, considerably reduces variations in the properties of the PRMs produced around the target values, particularly for the fluidity index.<\/p>\n\n\n\n<p class=\"has-base-color has-text-color has-link-color has-open-sans-font-family wp-elements-873e8ecddb5ae35be7a024bfd123f6a0\" style=\"font-size:clamp(0.875em, 0.875rem + ((1vw - 0.2em) * 0.375), 1.1em);font-style:normal;font-weight:400\">The choice was made to sort all the waste more and more finely in order to achieve MFI (Melt Flow Index) stability that could rival that of virgin polymers.<\/p>\n<\/div>\n<\/div>\n\n\n\n<div style=\"height:150px\" aria-hidden=\"true\" class=\"wp-block-spacer\"><\/div>\n\n\n\n<div class=\"gb-element-af54e9a3\">\n<div>\n<h2 class=\"wp-block-heading has-base-color has-text-color has-link-color has-open-sans-font-family wp-elements-25cc0251f8ae78b60bc8187cc7d24e27\" style=\"font-size:clamp(1.352em, 1.352rem + ((1vw - 0.2em) * 1.413), 2.2em);font-style:normal;font-weight:700\">Plastics regeneration: bales sorted with HDPE-R and PP-R to replace virgin materials<\/h2>\n\n\n\n<p class=\"has-base-color has-text-color has-link-color has-open-sans-font-family wp-elements-715fdb2d61a50058a3256b8b7af8d99d\" style=\"font-size:clamp(0.875em, 0.875rem + ((1vw - 0.2em) * 0.375), 1.1em);font-style:normal;font-weight:400\">The regeneration unit transforms PE and PP bales from the above-mentioned sorting process into 12 mm flakes.<\/p>\n\n\n\n<p class=\"has-base-color has-text-color has-link-color has-open-sans-font-family wp-elements-85aeecf02e11ba23b126c57992ea9963\" style=\"font-size:clamp(0.875em, 0.875rem + ((1vw - 0.2em) * 0.375), 1.1em);font-style:normal;font-weight:400\">Some of these flakes are sent directly to the compounding customer, while the rest are used to feed the extruders owned by Environnement Massif Central, transforming the plastic flakes on site into pellets ready for use by plastics manufacturers.<\/p>\n<\/div>\n\n\n\n<div class=\"gb-element-ceb43f6d\">\n<img loading=\"lazy\" decoding=\"async\" width=\"1000\" height=\"750\" class=\"gb-media-d8dfd5f9\" alt=\"\" src=\"\/wp-content\/uploads\/2025\/09\/regeneration-des-plastiques-environnement-massif-central.jpg\" title=\"regeneration-of-plastics-environment-massif-central\" srcset=\"https:\/\/www.environnement48.fr\/wp-content\/uploads\/2025\/09\/regeneration-des-plastiques-environnement-massif-central.jpg 1000w, https:\/\/www.environnement48.fr\/wp-content\/uploads\/2025\/09\/regeneration-des-plastiques-environnement-massif-central-300x225.jpg 300w, https:\/\/www.environnement48.fr\/wp-content\/uploads\/2025\/09\/regeneration-des-plastiques-environnement-massif-central-768x576.jpg 768w\" sizes=\"(max-width: 1000px) 100vw, 1000px\" \/>\n<\/div>\n<\/div>\n<\/div>\n<\/div>\n<\/div>\n\n\n\n<div style=\"height:150px\" aria-hidden=\"true\" class=\"wp-block-spacer\"><\/div>","protected":false},"excerpt":{"rendered":"<p>Production Une histoire qui remonte en 1997. Environnement Massif Central, fond\u00e9e en 1997 par Olivier Dalle, int\u00e8gre toute la cha\u00eene de valeur du recyclage des plastiques. En effet le site comprend les trois unit\u00e9s indispensables pour r\u00e9g\u00e9n\u00e9rer les polyol\u00e9fines&nbsp;: un centre de surtri enti\u00e8rement d\u00e9di\u00e9 aux emballages m\u00e9nagers en m\u00e9lange et \u00e9quip\u00e9 de machines de [&hellip;]<\/p>","protected":false},"author":1,"featured_media":0,"parent":1848,"menu_order":0,"comment_status":"closed","ping_status":"closed","template":"","meta":{"_seopress_robots_primary_cat":"","_seopress_titles_title":"Plastique Recycl\u00e9 - Notre Production - Environnement 48","_seopress_titles_desc":"D\u00e9couvrez comment Environnement Massif Central produit du plastique recycl\u00e9 gr\u00e2ce au traitement et la valorisation de d\u00e9chets.","_seopress_robots_index":"","footnotes":""},"class_list":["post-556","page","type-page","status-publish","hentry"],"_links":{"self":[{"href":"https:\/\/www.environnement48.fr\/en\/wp-json\/wp\/v2\/pages\/556","targetHints":{"allow":["GET"]}}],"collection":[{"href":"https:\/\/www.environnement48.fr\/en\/wp-json\/wp\/v2\/pages"}],"about":[{"href":"https:\/\/www.environnement48.fr\/en\/wp-json\/wp\/v2\/types\/page"}],"author":[{"embeddable":true,"href":"https:\/\/www.environnement48.fr\/en\/wp-json\/wp\/v2\/users\/1"}],"replies":[{"embeddable":true,"href":"https:\/\/www.environnement48.fr\/en\/wp-json\/wp\/v2\/comments?post=556"}],"version-history":[{"count":9,"href":"https:\/\/www.environnement48.fr\/en\/wp-json\/wp\/v2\/pages\/556\/revisions"}],"predecessor-version":[{"id":3678,"href":"https:\/\/www.environnement48.fr\/en\/wp-json\/wp\/v2\/pages\/556\/revisions\/3678"}],"up":[{"embeddable":true,"href":"https:\/\/www.environnement48.fr\/en\/wp-json\/wp\/v2\/pages\/1848"}],"wp:attachment":[{"href":"https:\/\/www.environnement48.fr\/en\/wp-json\/wp\/v2\/media?parent=556"}],"curies":[{"name":"wp","href":"https:\/\/api.w.org\/{rel}","templated":true}]}}