{"id":532,"date":"2025-09-09T16:50:20","date_gmt":"2025-09-09T14:50:20","guid":{"rendered":"https:\/\/www.environnement48.fr\/?page_id=532"},"modified":"2025-10-27T16:08:36","modified_gmt":"2025-10-27T15:08:36","slug":"videos","status":"publish","type":"page","link":"https:\/\/www.environnement48.fr\/en\/actualites\/videos\/","title":{"rendered":"Videos"},"content":{"rendered":"","protected":false},"excerpt":{"rendered":"","protected":false},"author":1,"featured_media":0,"parent":1852,"menu_order":0,"comment_status":"closed","ping_status":"closed","template":"","meta":{"_seopress_robots_primary_cat":"","_seopress_titles_title":"Vid\u00e9os et Reportages qui Parlent d'Environnement 48","_seopress_titles_desc":"D\u00e9couvrez toutes les vid\u00e9os et reportages qui parlent d'Environnement 48 et de nos diff\u00e9rentes techniques de traitement et valorisation de d\u00e9chets","_seopress_robots_index":"","footnotes":""},"class_list":["post-532","page","type-page","status-publish","hentry"],"_links":{"self":[{"href":"https:\/\/www.environnement48.fr\/en\/wp-json\/wp\/v2\/pages\/532","targetHints":{"allow":["GET"]}}],"collection":[{"href":"https:\/\/www.environnement48.fr\/en\/wp-json\/wp\/v2\/pages"}],"about":[{"href":"https:\/\/www.environnement48.fr\/en\/wp-json\/wp\/v2\/types\/page"}],"author":[{"embeddable":true,"href":"https:\/\/www.environnement48.fr\/en\/wp-json\/wp\/v2\/users\/1"}],"replies":[{"embeddable":true,"href":"https:\/\/www.environnement48.fr\/en\/wp-json\/wp\/v2\/comments?post=532"}],"version-history":[{"count":2,"href":"https:\/\/www.environnement48.fr\/en\/wp-json\/wp\/v2\/pages\/532\/revisions"}],"predecessor-version":[{"id":3688,"href":"https:\/\/www.environnement48.fr\/en\/wp-json\/wp\/v2\/pages\/532\/revisions\/3688"}],"up":[{"embeddable":true,"href":"https:\/\/www.environnement48.fr\/en\/wp-json\/wp\/v2\/pages\/1852"}],"wp:attachment":[{"href":"https:\/\/www.environnement48.fr\/en\/wp-json\/wp\/v2\/media?parent=532"}],"curies":[{"name":"wp","href":"https:\/\/api.w.org\/{rel}","templated":true}]}}