{"id":530,"date":"2025-09-09T16:50:07","date_gmt":"2025-09-09T14:50:07","guid":{"rendered":"https:\/\/www.environnement48.fr\/?page_id=530"},"modified":"2025-10-27T15:53:22","modified_gmt":"2025-10-27T14:53:22","slug":"recherche-et-developpement","status":"publish","type":"page","link":"https:\/\/www.environnement48.fr\/en\/plastique\/recherche-et-developpement\/","title":{"rendered":"Research and Development"},"content":{"rendered":"<p>EMC a d\u00e9cid\u00e9 d\u2019adopter une approche r\u00e9solument collaborative pour faire face \u00e0 l\u2019augmentation de la demande en MPR \u00e0 haute valeur ajout\u00e9e. En parall\u00e8le l\u2019entreprise a d\u00e9velopp\u00e9 son propre d\u00e9partement de Recherche et D\u00e9veloppement.\u2028\u2028EMC dirige notamment une th\u00e8se de doctorat avec l\u2019\u00e9cole des Mines d\u2019Al\u00e8s sur les polyol\u00e9fines. Les travaux se concentrent sur le recyclage en boucle ferm\u00e9e d\u2019une part, notamment pour les emballages m\u00e9nagers, ainsi que sur l\u2019\u00e9laboration de grades \u00e0 haute valeur ajout\u00e9e.\u2028\u2028Environnement Massif Central invite tous les plasturgistes \u00e0 participer \u00e0 des projets de recherches collaboratifs qui sont fortement encourag\u00e9s par les \u00e9co-organismes et les pouvoirs publics.\u2028\u2028Une chose est s\u00fbre\u00a0: le recyclage se d\u00e9veloppera gr\u00e2ce \u00e0 la recherche, \u00e0 la rigueur scientifique et surtout par la collaboration de tous les acteurs de la plasturgie\u00a0: donneurs d\u2019ordre, \u00e9co-organismes, r\u00e9g\u00e9n\u00e9rateurs et transformateurs.<br><br>In collaboration with the IMT (Institut Mines-T\u00e9l\u00e9com) in Al\u00e8s, Environnement Massif Central has initiated a thesis aimed at characterising our waste deposits and their formulations in order to meet market demand.<br><br>CIRCULAIT-PE\u00a0: de l\u2019emballage \u00e0 l\u2019emballage boucler la boucle du recyclage en collaboration avec Valorplast, Total Energies et l\u2019IPLC (Institut Professionnel de Lait de Consommation).<br><br>DR\u00e9ticul\u00e9s\u00a0: Environnement Massif Central est impliqu\u00e9 dans un projet visant \u00e0 recycler les tuyaux ayant \u00e9t\u00e9 r\u00e9ticul\u00e9s dans le cadre d\u2019un appel \u00e0 projet collaboratif port\u00e9 par un \u00e9co-organisme et cela en collaboration avec Valorplast, Phoenix et Eco-Maison.<\/p>","protected":false},"excerpt":{"rendered":"<p>EMC a d\u00e9cid\u00e9 d\u2019adopter une approche r\u00e9solument collaborative pour faire face \u00e0 l\u2019augmentation de la demande en MPR \u00e0 haute valeur ajout\u00e9e. En parall\u00e8le l\u2019entreprise a d\u00e9velopp\u00e9 son propre d\u00e9partement de Recherche et D\u00e9veloppement.\u2028\u2028EMC dirige notamment une th\u00e8se de doctorat avec l\u2019\u00e9cole des Mines d\u2019Al\u00e8s sur les polyol\u00e9fines. Les travaux se concentrent sur le recyclage [&hellip;]<\/p>","protected":false},"author":1,"featured_media":0,"parent":1848,"menu_order":0,"comment_status":"closed","ping_status":"closed","template":"","meta":{"_seopress_robots_primary_cat":"","_seopress_titles_title":"Recherche et D\u00e9veloppement - Environnement 48","_seopress_titles_desc":"Environnement Massif Central investi aussi dans la recherche et le d\u00e9veloppement pour proposer des solutions adapt\u00e9es et innovantes.","_seopress_robots_index":"","footnotes":""},"class_list":["post-530","page","type-page","status-publish","hentry"],"_links":{"self":[{"href":"https:\/\/www.environnement48.fr\/en\/wp-json\/wp\/v2\/pages\/530","targetHints":{"allow":["GET"]}}],"collection":[{"href":"https:\/\/www.environnement48.fr\/en\/wp-json\/wp\/v2\/pages"}],"about":[{"href":"https:\/\/www.environnement48.fr\/en\/wp-json\/wp\/v2\/types\/page"}],"author":[{"embeddable":true,"href":"https:\/\/www.environnement48.fr\/en\/wp-json\/wp\/v2\/users\/1"}],"replies":[{"embeddable":true,"href":"https:\/\/www.environnement48.fr\/en\/wp-json\/wp\/v2\/comments?post=530"}],"version-history":[{"count":3,"href":"https:\/\/www.environnement48.fr\/en\/wp-json\/wp\/v2\/pages\/530\/revisions"}],"predecessor-version":[{"id":3682,"href":"https:\/\/www.environnement48.fr\/en\/wp-json\/wp\/v2\/pages\/530\/revisions\/3682"}],"up":[{"embeddable":true,"href":"https:\/\/www.environnement48.fr\/en\/wp-json\/wp\/v2\/pages\/1848"}],"wp:attachment":[{"href":"https:\/\/www.environnement48.fr\/en\/wp-json\/wp\/v2\/media?parent=530"}],"curies":[{"name":"wp","href":"https:\/\/api.w.org\/{rel}","templated":true}]}}