{"id":528,"date":"2025-09-09T16:49:29","date_gmt":"2025-09-09T14:49:29","guid":{"rendered":"https:\/\/www.environnement48.fr\/?page_id=528"},"modified":"2025-10-27T15:49:07","modified_gmt":"2025-10-27T14:49:07","slug":"laboratoire","status":"publish","type":"page","link":"https:\/\/www.environnement48.fr\/en\/plastique\/laboratoire\/","title":{"rendered":"Laboratory"},"content":{"rendered":"<p>EMC poss\u00e8de un laboratoire r\u00e9cent avec des machines d\u2019analyse de derni\u00e8re g\u00e9n\u00e9ration afin de caract\u00e9riser l\u2019ensemble des d\u00e9chets entrants sur le site mais \u00e9galement pour contr\u00f4ler la qualit\u00e9 de toutes les mati\u00e8res r\u00e9g\u00e9n\u00e9r\u00e9es sur le site.\u2028\u2028Principaux instruments \u00e0 disposition\u00a0:<\/p>\n\n\n\n<ul class=\"wp-block-list\">\n<li>Les appareils de traction et de choc : contr\u00f4le la propri\u00e9t\u00e9 m\u00e9canique<\/li>\n\n\n\n<li>The MFI plastometer: checks the fluidity of polymers<\/li>\n\n\n\n<li>The flake analyser: checks the colour and purity of the material<\/li>\n\n\n\n<li>DSC: checks purity<\/li>\n<\/ul>\n\n\n\n<p><br><\/p>","protected":false},"excerpt":{"rendered":"<p>EMC poss\u00e8de un laboratoire r\u00e9cent avec des machines d\u2019analyse de derni\u00e8re g\u00e9n\u00e9ration afin de caract\u00e9riser l\u2019ensemble des d\u00e9chets entrants sur le site mais \u00e9galement pour contr\u00f4ler la qualit\u00e9 de toutes les mati\u00e8res r\u00e9g\u00e9n\u00e9r\u00e9es sur le site.\u2028\u2028Principaux instruments \u00e0 disposition\u00a0:<\/p>","protected":false},"author":1,"featured_media":0,"parent":1848,"menu_order":0,"comment_status":"closed","ping_status":"closed","template":"","meta":{"_seopress_robots_primary_cat":"","_seopress_titles_title":"Notre Laboratoire d'Analyse - Environnement 48","_seopress_titles_desc":"Environnement Massif Central poss\u00e8de un laboratoire qui lui permet d'analyser les diff\u00e9rents d\u00e9chets trait\u00e9s et la qualit\u00e9 des mati\u00e8res r\u00e9g\u00e9n\u00e9r\u00e9es.","_seopress_robots_index":"","footnotes":""},"class_list":["post-528","page","type-page","status-publish","hentry"],"_links":{"self":[{"href":"https:\/\/www.environnement48.fr\/en\/wp-json\/wp\/v2\/pages\/528","targetHints":{"allow":["GET"]}}],"collection":[{"href":"https:\/\/www.environnement48.fr\/en\/wp-json\/wp\/v2\/pages"}],"about":[{"href":"https:\/\/www.environnement48.fr\/en\/wp-json\/wp\/v2\/types\/page"}],"author":[{"embeddable":true,"href":"https:\/\/www.environnement48.fr\/en\/wp-json\/wp\/v2\/users\/1"}],"replies":[{"embeddable":true,"href":"https:\/\/www.environnement48.fr\/en\/wp-json\/wp\/v2\/comments?post=528"}],"version-history":[{"count":5,"href":"https:\/\/www.environnement48.fr\/en\/wp-json\/wp\/v2\/pages\/528\/revisions"}],"predecessor-version":[{"id":3680,"href":"https:\/\/www.environnement48.fr\/en\/wp-json\/wp\/v2\/pages\/528\/revisions\/3680"}],"up":[{"embeddable":true,"href":"https:\/\/www.environnement48.fr\/en\/wp-json\/wp\/v2\/pages\/1848"}],"wp:attachment":[{"href":"https:\/\/www.environnement48.fr\/en\/wp-json\/wp\/v2\/media?parent=528"}],"curies":[{"name":"wp","href":"https:\/\/api.w.org\/{rel}","templated":true}]}}