{"id":526,"date":"2025-09-09T16:49:16","date_gmt":"2025-09-09T14:49:16","guid":{"rendered":"https:\/\/www.environnement48.fr\/?page_id=526"},"modified":"2025-10-27T15:31:31","modified_gmt":"2025-10-27T14:31:31","slug":"matieres-valorisees","status":"publish","type":"page","link":"https:\/\/www.environnement48.fr\/en\/solutions\/matieres-valorisees\/","title":{"rendered":"Recovered materials"},"content":{"rendered":"","protected":false},"excerpt":{"rendered":"","protected":false},"author":1,"featured_media":0,"parent":1846,"menu_order":0,"comment_status":"closed","ping_status":"closed","template":"","meta":{"_seopress_robots_primary_cat":"","_seopress_titles_title":"Mati\u00e8res Valoris\u00e9s : Traitement de D\u00e9chets Vari\u00e9s","_seopress_titles_desc":"D\u00e9couvrez les diff\u00e9rents types de d\u00e9chets qu'Environnement 48 vous propose de traiter de valoriser. Des solutions adapt\u00e9es pour chacun.","_seopress_robots_index":"","footnotes":""},"class_list":["post-526","page","type-page","status-publish","hentry"],"_links":{"self":[{"href":"https:\/\/www.environnement48.fr\/en\/wp-json\/wp\/v2\/pages\/526","targetHints":{"allow":["GET"]}}],"collection":[{"href":"https:\/\/www.environnement48.fr\/en\/wp-json\/wp\/v2\/pages"}],"about":[{"href":"https:\/\/www.environnement48.fr\/en\/wp-json\/wp\/v2\/types\/page"}],"author":[{"embeddable":true,"href":"https:\/\/www.environnement48.fr\/en\/wp-json\/wp\/v2\/users\/1"}],"replies":[{"embeddable":true,"href":"https:\/\/www.environnement48.fr\/en\/wp-json\/wp\/v2\/comments?post=526"}],"version-history":[{"count":2,"href":"https:\/\/www.environnement48.fr\/en\/wp-json\/wp\/v2\/pages\/526\/revisions"}],"predecessor-version":[{"id":3676,"href":"https:\/\/www.environnement48.fr\/en\/wp-json\/wp\/v2\/pages\/526\/revisions\/3676"}],"up":[{"embeddable":true,"href":"https:\/\/www.environnement48.fr\/en\/wp-json\/wp\/v2\/pages\/1846"}],"wp:attachment":[{"href":"https:\/\/www.environnement48.fr\/en\/wp-json\/wp\/v2\/media?parent=526"}],"curies":[{"name":"wp","href":"https:\/\/api.w.org\/{rel}","templated":true}]}}