{"id":520,"date":"2025-09-09T16:45:48","date_gmt":"2025-09-09T14:45:48","guid":{"rendered":"https:\/\/www.environnement48.fr\/?page_id=520"},"modified":"2025-10-27T15:21:45","modified_gmt":"2025-10-27T14:21:45","slug":"ingenierie","status":"publish","type":"page","link":"https:\/\/www.environnement48.fr\/en\/solutions\/ingenierie\/","title":{"rendered":"Engineering"},"content":{"rendered":"<p>Curieux de nature, passionn\u00e9 par le recyclage des d\u00e9chets, Olivier Dalle n\u2019a cess\u00e9 depuis 30 ans de voyager dans le monde entier pour appr\u00e9hender les meilleures techniques disponibles et pouvoir vous apporter des solutions vertueuses et \u00e9conomiquement viables pour le traitement de vos d\u00e9chets.<br><br>Environnement Massif Central's engineering and design department can assist you from the project study stage right through to the final implementation phase, setting up effective tools for the management and recovery of all types of waste.<\/p>","protected":false},"excerpt":{"rendered":"<p>Curieux de nature, passionn\u00e9 par le recyclage des d\u00e9chets, Olivier Dalle n\u2019a cess\u00e9 depuis 30 ans de voyager dans le monde entier pour appr\u00e9hender les meilleures techniques disponibles et pouvoir vous apporter des solutions vertueuses et \u00e9conomiquement viables pour le traitement de vos d\u00e9chets. Le bureau d\u2019\u00e9tudes d\u2019Environnement Massif Central peut vous assister dans l\u2019\u00e9tude [&hellip;]<\/p>","protected":false},"author":1,"featured_media":0,"parent":1846,"menu_order":0,"comment_status":"closed","ping_status":"closed","template":"","meta":{"_seopress_robots_primary_cat":"","_seopress_titles_title":"Ing\u00e9nierie : Notre Bureau d'\u00c9tudes au Service de vos Besoins","_seopress_titles_desc":"D\u00e9couvrez comment Environnement 48 gr\u00e2ce \u00e0 son bureau d'\u00e9tudes et ses connaissances en termes d'ing\u00e9nierie propose des solutions innovantes.","_seopress_robots_index":"","footnotes":""},"class_list":["post-520","page","type-page","status-publish","hentry"],"_links":{"self":[{"href":"https:\/\/www.environnement48.fr\/en\/wp-json\/wp\/v2\/pages\/520","targetHints":{"allow":["GET"]}}],"collection":[{"href":"https:\/\/www.environnement48.fr\/en\/wp-json\/wp\/v2\/pages"}],"about":[{"href":"https:\/\/www.environnement48.fr\/en\/wp-json\/wp\/v2\/types\/page"}],"author":[{"embeddable":true,"href":"https:\/\/www.environnement48.fr\/en\/wp-json\/wp\/v2\/users\/1"}],"replies":[{"embeddable":true,"href":"https:\/\/www.environnement48.fr\/en\/wp-json\/wp\/v2\/comments?post=520"}],"version-history":[{"count":3,"href":"https:\/\/www.environnement48.fr\/en\/wp-json\/wp\/v2\/pages\/520\/revisions"}],"predecessor-version":[{"id":3672,"href":"https:\/\/www.environnement48.fr\/en\/wp-json\/wp\/v2\/pages\/520\/revisions\/3672"}],"up":[{"embeddable":true,"href":"https:\/\/www.environnement48.fr\/en\/wp-json\/wp\/v2\/pages\/1846"}],"wp:attachment":[{"href":"https:\/\/www.environnement48.fr\/en\/wp-json\/wp\/v2\/media?parent=520"}],"curies":[{"name":"wp","href":"https:\/\/api.w.org\/{rel}","templated":true}]}}