{"id":518,"date":"2025-09-09T16:45:36","date_gmt":"2025-09-09T14:45:36","guid":{"rendered":"https:\/\/www.environnement48.fr\/?page_id=518"},"modified":"2025-10-27T15:16:52","modified_gmt":"2025-10-27T14:16:52","slug":"politique-qse","status":"publish","type":"page","link":"https:\/\/www.environnement48.fr\/en\/lentreprise\/politique-qse\/","title":{"rendered":"QSE policy"},"content":{"rendered":"","protected":false},"excerpt":{"rendered":"","protected":false},"author":1,"featured_media":0,"parent":1823,"menu_order":0,"comment_status":"closed","ping_status":"closed","template":"","meta":{"_seopress_robots_primary_cat":"","_seopress_titles_title":"Politique QSE : Qualit\u00e9, S\u00e9curit\u00e9 & Environnement","_seopress_titles_desc":"D\u00e9couvrez la politique QSE de notre entreprise : Nos engagements pour r\u00e9pondre aux enjeux \u00e9conomiques et environnementaux.","_seopress_robots_index":"","footnotes":""},"class_list":["post-518","page","type-page","status-publish","hentry"],"_links":{"self":[{"href":"https:\/\/www.environnement48.fr\/en\/wp-json\/wp\/v2\/pages\/518","targetHints":{"allow":["GET"]}}],"collection":[{"href":"https:\/\/www.environnement48.fr\/en\/wp-json\/wp\/v2\/pages"}],"about":[{"href":"https:\/\/www.environnement48.fr\/en\/wp-json\/wp\/v2\/types\/page"}],"author":[{"embeddable":true,"href":"https:\/\/www.environnement48.fr\/en\/wp-json\/wp\/v2\/users\/1"}],"replies":[{"embeddable":true,"href":"https:\/\/www.environnement48.fr\/en\/wp-json\/wp\/v2\/comments?post=518"}],"version-history":[{"count":2,"href":"https:\/\/www.environnement48.fr\/en\/wp-json\/wp\/v2\/pages\/518\/revisions"}],"predecessor-version":[{"id":3670,"href":"https:\/\/www.environnement48.fr\/en\/wp-json\/wp\/v2\/pages\/518\/revisions\/3670"}],"up":[{"embeddable":true,"href":"https:\/\/www.environnement48.fr\/en\/wp-json\/wp\/v2\/pages\/1823"}],"wp:attachment":[{"href":"https:\/\/www.environnement48.fr\/en\/wp-json\/wp\/v2\/media?parent=518"}],"curies":[{"name":"wp","href":"https:\/\/api.w.org\/{rel}","templated":true}]}}