{"id":4,"date":"2025-07-29T14:50:53","date_gmt":"2025-07-29T12:50:53","guid":{"rendered":"https:\/\/www.environnement48.fr\/?page_id=4"},"modified":"2026-02-19T15:57:46","modified_gmt":"2026-02-19T14:57:46","slug":"accueil","status":"publish","type":"page","link":"https:\/\/www.environnement48.fr\/en\/","title":{"rendered":"Home"},"content":{"rendered":"<div class=\"gb-element-8aefae37\">\n<div class=\"homepage-blur\"><video autoplay muted loop id=\"homeVideo\" style=\"filter: brightness(0.5);\"> <source src=\"\/wp-content\/uploads\/2025\/10\/video-environnement-massif-central.webm\" type=\"video\/mp4\"> Your browser does not support HTML5 video. <\/video><\/div>\n\n\n\n<div class=\"gb-element-16f592fb\"><\/div>\n<\/div>\n\n\n\n<div class=\"gb-element-a2749d88\">\n<div class=\"gb-element-57a165e0\">\n<h2 class=\"gb-text gb-text-fa480315\">Your waste, our business<br>expertise, a sustainable future<\/h2>\n<\/div>\n\n\n\n<div class=\"gb-element-60a4098d\">\n<a class=\"gb-text-603a2359\" href=\"\/en\/lentreprise\/notre-histoire\/\"><span class=\"gb-shape\"><svg aria-hidden=\"true\" role=\"img\" height=\"1em\" width=\"1em\" viewbox=\"0 0 256 512\" xmlns=\"http:\/\/www.w3.org\/2000\/svg\"><path fill=\"currentColor\" d=\"M224.3 273l-136 136c-9.4 9.4-24.6 9.4-33.9 0l-22.6-22.6c-9.4-9.4-9.4-24.6 0-33.9l96.4-96.4-96.4-96.4c-9.4-9.4-9.4-24.6 0-33.9L54.3 103c9.4-9.4 24.6-9.4 33.9 0l136 136c9.5 9.4 9.5 24.6.1 34z\"><\/path><\/svg><\/span><span class=\"gb-text\">Discover the company<\/span><\/a>\n<\/div>\n\n\n\n<div class=\"gb-element-a0a4f127\">\n<p class=\"has-base-color has-text-color has-link-color has-open-sans-font-family wp-elements-fddbeee791ce4b3d5254b18a92b66025\" style=\"font-size:clamp(14px, 0.875rem + ((1vw - 3.2px) * 0.208), 16px);font-style:normal;font-weight:500\">Since 1997, Environnement Massif Central, a family-run business with deep roots in the Loz\u00e8re region, has been committed to collecting, sorting and recycling your waste by promoting the circular economy.&nbsp;<\/p>\n<\/div>\n<\/div>\n\n\n\n<div>\n<div style=\"height:150px\" aria-hidden=\"true\" class=\"wp-block-spacer\"><\/div>\n<\/div>\n\n\n\n<div class=\"gb-element-113c3db0\">\n<div class=\"gb-element-a4b251d2\">\n<div class=\"gb-element-ddc3fcd3\"><\/div>\n\n\n\n<div class=\"gb-element-cfc69e00\"><\/div>\n\n\n\n<div class=\"gb-element-4874e050\"><\/div>\n\n\n\n<div class=\"gb-element-83633e38\">\n<h2 class=\"wp-block-heading has-base-color has-text-color has-link-color has-open-sans-font-family wp-elements-9ac82e545fa123a0f26f69ee220ee53f\" style=\"font-size:clamp(25.014px, 1.563rem + ((1vw - 3.2px) * 1.769), 42px);font-style:normal;font-weight:700\">A passionate team, a highly industrial facility, know-how<\/h2>\n\n\n\n<p class=\"has-base-color has-text-color has-link-color has-open-sans-font-family wp-elements-125b204928b9305bd9b94ba24a65ff4d\" style=\"font-size:clamp(14px, 0.875rem + ((1vw - 3.2px) * 0.208), 16px);font-style:normal;font-weight:300\">With a wealth of experience and a highly sophisticated infrastructure, we can offer you engineering recovery processing solutions tailored to your needs.<\/p>\n\n\n\n<a class=\"gb-text-443a04f1\" href=\"\/en\/solutions\/solutions-pour-nos-clients\/\"><span class=\"gb-shape\"><svg aria-hidden=\"true\" role=\"img\" height=\"1em\" width=\"1em\" viewbox=\"0 0 256 512\" xmlns=\"http:\/\/www.w3.org\/2000\/svg\"><path fill=\"currentColor\" d=\"M224.3 273l-136 136c-9.4 9.4-24.6 9.4-33.9 0l-22.6-22.6c-9.4-9.4-9.4-24.6 0-33.9l96.4-96.4-96.4-96.4c-9.4-9.4-9.4-24.6 0-33.9L54.3 103c9.4-9.4 24.6-9.4 33.9 0l136 136c9.5 9.4 9.5 24.6.1 34z\"><\/path><\/svg><\/span><span class=\"gb-text\">Discover our solutions<\/span><\/a>\n<\/div>\n<\/div>\n<\/div>\n\n\n\n<div>\n<div style=\"height:300px\" aria-hidden=\"true\" class=\"wp-block-spacer\"><\/div>\n<\/div>\n\n\n\n<div class=\"gb-element-bd1b4309\">\n<div class=\"gb-element-a513d67e\">\n<div class=\"gb-element-043d7f5d\"><\/div>\n<\/div>\n\n\n\n<div class=\"gb-element-71e8584c\">\n<h2 class=\"wp-block-heading has-text-align-center is-style-default has-base-color has-text-color has-link-color has-open-sans-font-family wp-elements-5349abaf10f7f77fc54398c8a33c9dd8\" style=\"margin-top:0;margin-bottom:0;font-size:clamp(25.014px, 1.563rem + ((1vw - 3.2px) * 1.769), 42px);font-style:normal;font-weight:700\">From plastic to recycled raw material (RRM)<\/h2>\n\n\n\n<p class=\"has-text-align-center has-base-color has-text-color has-link-color has-open-sans-font-family wp-elements-5221894c77924f494602c7b823032e9d\" style=\"font-size:clamp(14px, 0.875rem + ((1vw - 3.2px) * 0.208), 16px);font-style:normal;font-weight:300\">PE (polyethylene) and PP (polypropylene) plastics are over-sorted, washed, ground, extruded, transformed into flakes and\/or granules and reused in the form of PRM without modifying the structure of the polymer.<\/p>\n\n\n\n<a class=\"gb-text-e42c2568\" href=\"\/en\/plastique\/production\/\"><span class=\"gb-shape\"><svg aria-hidden=\"true\" role=\"img\" height=\"1em\" width=\"1em\" viewbox=\"0 0 256 512\" xmlns=\"http:\/\/www.w3.org\/2000\/svg\"><path fill=\"currentColor\" d=\"M224.3 273l-136 136c-9.4 9.4-24.6 9.4-33.9 0l-22.6-22.6c-9.4-9.4-9.4-24.6 0-33.9l96.4-96.4-96.4-96.4c-9.4-9.4-9.4-24.6 0-33.9L54.3 103c9.4-9.4 24.6-9.4 33.9 0l136 136c9.5 9.4 9.5 24.6.1 34z\"><\/path><\/svg><\/span><span class=\"gb-text\">Discover the process<\/span><\/a>\n<\/div>\n\n\n\n<div class=\"gb-element-bf9ad8bb\">\n<div class=\"gb-element-a4ee05b3\"><\/div>\n<\/div>\n\n\n\n<div class=\"gb-element-75685f0a\"><\/div>\n<\/div>\n\n\n\n<div>\n<div style=\"height:350px\" aria-hidden=\"true\" class=\"wp-block-spacer\"><\/div>\n<\/div>\n\n\n\n<div>\n<div class=\"gb-element-9372f898\">\n<div>\n<h2 class=\"wp-block-heading has-open-sans-font-family\" style=\"font-size:clamp(25.014px, 1.563rem + ((1vw - 3.2px) * 1.769), 42px);font-style:normal;font-weight:700\">Beyond recycling, a responsible and transparent approach<\/h2>\n\n\n\n<p class=\"has-text-color has-link-color has-open-sans-font-family wp-elements-4444f8eddcaa0bfca304004476444441\" style=\"color:#000000;font-size:clamp(14px, 0.875rem + ((1vw - 3.2px) * 0.208), 16px);font-style:normal;font-weight:300\">Une culture d\u2019am\u00e9lioration continue, des certifications\u00a0: ISO 9001, ISO 14001, Recyclass Recycling Process et GPI.\u00a0<br>A proactive approach to reducing our carbon footprint.<\/p>\n\n\n\n<a class=\"gb-text-8b0fda7b\" href=\"\/en\/lentreprise\/nos-engagements\/\"><span class=\"gb-shape\"><svg aria-hidden=\"true\" role=\"img\" height=\"1em\" width=\"1em\" viewbox=\"0 0 256 512\" xmlns=\"http:\/\/www.w3.org\/2000\/svg\"><path fill=\"currentColor\" d=\"M224.3 273l-136 136c-9.4 9.4-24.6 9.4-33.9 0l-22.6-22.6c-9.4-9.4-9.4-24.6 0-33.9l96.4-96.4-96.4-96.4c-9.4-9.4-9.4-24.6 0-33.9L54.3 103c9.4-9.4 24.6-9.4 33.9 0l136 136c9.5 9.4 9.5 24.6.1 34z\"><\/path><\/svg><\/span><span class=\"gb-text\">Discover our commitments<\/span><\/a>\n<\/div>\n\n\n\n<div class=\"gb-element-50b18772\">\n<img fetchpriority=\"high\" decoding=\"async\" width=\"1920\" height=\"1207\" class=\"gb-media-d0781abe\" alt=\"\" src=\"\/wp-content\/uploads\/2025\/09\/demarche-eco-responsable-environnement-massif-central.jpg\" title=\"eco-responsible-environment-massif-central\" srcset=\"https:\/\/www.environnement48.fr\/wp-content\/uploads\/2025\/09\/demarche-eco-responsable-environnement-massif-central.jpg 1920w, https:\/\/www.environnement48.fr\/wp-content\/uploads\/2025\/09\/demarche-eco-responsable-environnement-massif-central-300x189.jpg 300w, https:\/\/www.environnement48.fr\/wp-content\/uploads\/2025\/09\/demarche-eco-responsable-environnement-massif-central-1024x644.jpg 1024w, https:\/\/www.environnement48.fr\/wp-content\/uploads\/2025\/09\/demarche-eco-responsable-environnement-massif-central-768x483.jpg 768w, https:\/\/www.environnement48.fr\/wp-content\/uploads\/2025\/09\/demarche-eco-responsable-environnement-massif-central-1536x966.jpg 1536w\" sizes=\"(max-width: 1920px) 100vw, 1920px\" \/>\n<\/div>\n<\/div>\n<\/div>\n\n\n\n<div>\n<div style=\"height:150px\" aria-hidden=\"true\" class=\"wp-block-spacer\"><\/div>\n<\/div>","protected":false},"excerpt":{"rendered":"<p>Your browser does not support HTML5 video. Vos d\u00e9chets, notreexpertise, un futur durable D\u00e9couvrez l\u2019entreprise Depuis 1997, Environnement Massif Central, entreprise familiale et ancr\u00e9e dans le territoire loz\u00e9rien, s\u2019engage pour la collecte, le tri et la valorisation de vos d\u00e9chets en favorisant l\u2019\u00e9conomie circulaire.&nbsp; Une \u00e9quipe passionn\u00e9e, un outil hautement industriel, des savoir-faire Riches d\u2019une [&hellip;]<\/p>","protected":false},"author":1,"featured_media":0,"parent":0,"menu_order":0,"comment_status":"closed","ping_status":"closed","template":"","meta":{"_seopress_robots_primary_cat":"","_seopress_titles_title":"Environnement 48 - Solution de Traitement des D\u00e9chets","_seopress_titles_desc":"D\u00e9couvrez Environnement 48, une entreprise innovante qui vous propose des solutions de traitement et de revalorisation des d\u00e9chets.","_seopress_robots_index":"","footnotes":""},"class_list":["post-4","page","type-page","status-publish","hentry"],"_links":{"self":[{"href":"https:\/\/www.environnement48.fr\/en\/wp-json\/wp\/v2\/pages\/4","targetHints":{"allow":["GET"]}}],"collection":[{"href":"https:\/\/www.environnement48.fr\/en\/wp-json\/wp\/v2\/pages"}],"about":[{"href":"https:\/\/www.environnement48.fr\/en\/wp-json\/wp\/v2\/types\/page"}],"author":[{"embeddable":true,"href":"https:\/\/www.environnement48.fr\/en\/wp-json\/wp\/v2\/users\/1"}],"replies":[{"embeddable":true,"href":"https:\/\/www.environnement48.fr\/en\/wp-json\/wp\/v2\/comments?post=4"}],"version-history":[{"count":10,"href":"https:\/\/www.environnement48.fr\/en\/wp-json\/wp\/v2\/pages\/4\/revisions"}],"predecessor-version":[{"id":3873,"href":"https:\/\/www.environnement48.fr\/en\/wp-json\/wp\/v2\/pages\/4\/revisions\/3873"}],"wp:attachment":[{"href":"https:\/\/www.environnement48.fr\/en\/wp-json\/wp\/v2\/media?parent=4"}],"curies":[{"name":"wp","href":"https:\/\/api.w.org\/{rel}","templated":true}]}}