{"id":192,"date":"2025-09-02T00:49:56","date_gmt":"2025-09-01T22:49:56","guid":{"rendered":"https:\/\/www.environnement48.fr\/?page_id=192"},"modified":"2025-12-04T09:23:49","modified_gmt":"2025-12-04T08:23:49","slug":"notre-histoire","status":"publish","type":"page","link":"https:\/\/www.environnement48.fr\/en\/lentreprise\/notre-histoire\/","title":{"rendered":"Our history"},"content":{"rendered":"<div class=\"gb-element-0af21d52\">\n<img fetchpriority=\"high\" decoding=\"async\" width=\"400\" height=\"376\" class=\"gb-media-427a6251\" alt=\"\" src=\"https:\/\/www.environnement48.fr\/wp-content\/uploads\/2025\/09\/losange-texture-jaune-1.png\" title=\"diamond-textured-yellow (1)\" srcset=\"https:\/\/www.environnement48.fr\/wp-content\/uploads\/2025\/09\/losange-texture-jaune-1.png 400w, https:\/\/www.environnement48.fr\/wp-content\/uploads\/2025\/09\/losange-texture-jaune-1-300x282.png 300w\" sizes=\"(max-width: 400px) 100vw, 400px\" \/>\n\n\n\n<div class=\"gb-element-8e4469cd\">\n<div class=\"gb-element-5dbbddee\">\n<h2 class=\"wp-block-heading has-open-sans-font-family\" style=\"font-size:clamp(25.014px, 1.563rem + ((1vw - 3.2px) * 1.769), 42px);font-style:normal;font-weight:700\">Our history<\/h2>\n\n\n\n<p class=\"has-open-sans-font-family\" style=\"font-size:clamp(14px, 0.875rem + ((1vw - 3.2px) * 0.208), 16px);font-style:normal;font-weight:500\">After completing a university course in Environmental Sustainability, Olivier DALLE returned to Loz\u00e8re, the land of his ancestors, and in 1997 set up Environnement 48, which has since become Environnement Massif Central.<\/p>\n\n\n\n<p class=\"has-open-sans-font-family\" style=\"font-size:clamp(14px, 0.875rem + ((1vw - 3.2px) * 0.208), 16px);font-style:normal;font-weight:500\">In making this geographical choice, Olivier DALLE is responding to an economic and environmental need, but he also has the desire to attract people and create activity in this department, the least populated in France.<\/p>\n\n\n\n<p class=\"has-open-sans-font-family\" style=\"font-size:clamp(14px, 0.875rem + ((1vw - 3.2px) * 0.208), 16px);font-style:normal;font-weight:500\">The company was first based in Balsi\u00e8ges, then in Monastier-Pin-Mori\u00e8s, and finally moved to the Causse d'Auge business park in Mende in 2004.<\/p>\n<\/div>\n<\/div>\n\n\n\n<div class=\"gb-element-3a62498f\"><\/div>\n<\/div>\n\n\n\n<div class=\"gb-element-2eb9fdea\">\n<img decoding=\"async\" width=\"2560\" height=\"2508\" class=\"gb-media-4509a693\" alt=\"\" src=\"https:\/\/www.environnement48.fr\/wp-content\/uploads\/2025\/09\/losange-hachures-jaune-scaled.png\" title=\"diamond-hatched-yellow\" srcset=\"https:\/\/www.environnement48.fr\/wp-content\/uploads\/2025\/09\/losange-hachures-jaune-scaled.png 2560w, https:\/\/www.environnement48.fr\/wp-content\/uploads\/2025\/09\/losange-hachures-jaune-300x294.png 300w, https:\/\/www.environnement48.fr\/wp-content\/uploads\/2025\/09\/losange-hachures-jaune-1024x1003.png 1024w, https:\/\/www.environnement48.fr\/wp-content\/uploads\/2025\/09\/losange-hachures-jaune-768x752.png 768w, https:\/\/www.environnement48.fr\/wp-content\/uploads\/2025\/09\/losange-hachures-jaune-1536x1505.png 1536w, https:\/\/www.environnement48.fr\/wp-content\/uploads\/2025\/09\/losange-hachures-jaune-2048x2007.png 2048w\" sizes=\"(max-width: 2560px) 100vw, 2560px\" \/>\n\n\n\n<div class=\"gb-element-77dd654e\"><\/div>\n\n\n\n<div class=\"gb-element-cd982b25\">\n<p class=\"has-open-sans-font-family\" style=\"font-size:clamp(14px, 0.875rem + ((1vw - 3.2px) * 0.208), 16px);font-style:normal;font-weight:500\">On a 23-hectare site, including 40,000 m\u00b2 of covered buildings, and thanks to regular investment, Environnement Massif Central is building up its capacity to sort and recycle an ever wider range of waste types.<\/p>\n\n\n\n<p class=\"has-open-sans-font-family\" style=\"font-size:clamp(14px, 0.875rem + ((1vw - 3.2px) * 0.208), 16px);font-style:normal;font-weight:500\">Its scope of action is gradually being extended to the regional, national and European levels.<\/p>\n\n\n\n<p class=\"has-open-sans-font-family\" style=\"font-size:clamp(14px, 0.875rem + ((1vw - 3.2px) * 0.208), 16px);font-style:normal;font-weight:500\">With its recognised expertise, Environnement Massif Central operates at national, European and international level to provide advice, technical assistance and training for your projects.<\/p>\n<\/div>\n<\/div>\n\n\n\n<div class=\"gb-element-aea244e4\">\n<img decoding=\"async\" width=\"908\" height=\"2560\" class=\"gb-media-3ae15ff3\" alt=\"\" src=\"https:\/\/www.environnement48.fr\/wp-content\/uploads\/2025\/09\/historique-environnement-massif-central-scaled.png\" title=\"history-environment-central-massif\" srcset=\"https:\/\/www.environnement48.fr\/wp-content\/uploads\/2025\/09\/historique-environnement-massif-central-scaled.png 908w, https:\/\/www.environnement48.fr\/wp-content\/uploads\/2025\/09\/historique-environnement-massif-central-106x300.png 106w, https:\/\/www.environnement48.fr\/wp-content\/uploads\/2025\/09\/historique-environnement-massif-central-363x1024.png 363w, https:\/\/www.environnement48.fr\/wp-content\/uploads\/2025\/09\/historique-environnement-massif-central-768x2165.png 768w, https:\/\/www.environnement48.fr\/wp-content\/uploads\/2025\/09\/historique-environnement-massif-central-545x1536.png 545w\" sizes=\"(max-width: 908px) 100vw, 908px\" \/>\n\n\n\n<img loading=\"lazy\" decoding=\"async\" width=\"2560\" height=\"2528\" class=\"gb-media-60ec8d5f\" alt=\"\" src=\"https:\/\/www.environnement48.fr\/wp-content\/uploads\/2025\/09\/losange-hachure-noir-scaled.png\" title=\"rhombus-hatch-black\" srcset=\"https:\/\/www.environnement48.fr\/wp-content\/uploads\/2025\/09\/losange-hachure-noir-scaled.png 2560w, https:\/\/www.environnement48.fr\/wp-content\/uploads\/2025\/09\/losange-hachure-noir-300x296.png 300w, https:\/\/www.environnement48.fr\/wp-content\/uploads\/2025\/09\/losange-hachure-noir-1024x1011.png 1024w, https:\/\/www.environnement48.fr\/wp-content\/uploads\/2025\/09\/losange-hachure-noir-768x758.png 768w, https:\/\/www.environnement48.fr\/wp-content\/uploads\/2025\/09\/losange-hachure-noir-1536x1517.png 1536w, https:\/\/www.environnement48.fr\/wp-content\/uploads\/2025\/09\/losange-hachure-noir-2048x2022.png 2048w\" sizes=\"(max-width: 2560px) 100vw, 2560px\" \/>\n\n\n\n<img loading=\"lazy\" decoding=\"async\" width=\"1030\" height=\"1712\" class=\"gb-media-cd36a2c9\" alt=\"\" src=\"https:\/\/www.environnement48.fr\/wp-content\/uploads\/2025\/09\/plante-losange-environnement-massif-central.png\" title=\"plante-losange-environnement-massif-central\" srcset=\"https:\/\/www.environnement48.fr\/wp-content\/uploads\/2025\/09\/plante-losange-environnement-massif-central.png 1030w, https:\/\/www.environnement48.fr\/wp-content\/uploads\/2025\/09\/plante-losange-environnement-massif-central-180x300.png 180w, https:\/\/www.environnement48.fr\/wp-content\/uploads\/2025\/09\/plante-losange-environnement-massif-central-616x1024.png 616w, https:\/\/www.environnement48.fr\/wp-content\/uploads\/2025\/09\/plante-losange-environnement-massif-central-768x1277.png 768w, https:\/\/www.environnement48.fr\/wp-content\/uploads\/2025\/09\/plante-losange-environnement-massif-central-924x1536.png 924w\" sizes=\"(max-width: 1030px) 100vw, 1030px\" \/>\n<\/div>","protected":false},"excerpt":{"rendered":"<p>Notre histoire Apr\u00e8s un cursus universitaire en&nbsp;Environnement D\u00e9veloppement Durable, Olivier DALLE revient en Loz\u00e8re sur les terres de ses a\u00efeux et cr\u00e9e en 1997 l\u2019entreprise Environnement 48, devenue depuis&nbsp;Environnement Massif Central. En faisant ce choix g\u00e9ographique,&nbsp;Olivier DALLE&nbsp;r\u00e9pond \u00e0 un besoin \u00e9conomique et environnemental, mais il a aussi le d\u00e9sir d\u2019attirer des populations et cr\u00e9er de [&hellip;]<\/p>","protected":false},"author":1,"featured_media":0,"parent":1823,"menu_order":0,"comment_status":"closed","ping_status":"closed","template":"","meta":{"_seopress_robots_primary_cat":"","_seopress_titles_title":"Notre Histoire de 1997 \u00e0 Aujourd'hui - Environnement 48","_seopress_titles_desc":"D\u00e9couvrez l'histoire d'Environnement Massif Central : une entreprise en constante \u00e9volution pour r\u00e9pondre aux besoins de traitement des d\u00e9chets.","_seopress_robots_index":"","footnotes":""},"class_list":["post-192","page","type-page","status-publish","hentry"],"_links":{"self":[{"href":"https:\/\/www.environnement48.fr\/en\/wp-json\/wp\/v2\/pages\/192","targetHints":{"allow":["GET"]}}],"collection":[{"href":"https:\/\/www.environnement48.fr\/en\/wp-json\/wp\/v2\/pages"}],"about":[{"href":"https:\/\/www.environnement48.fr\/en\/wp-json\/wp\/v2\/types\/page"}],"author":[{"embeddable":true,"href":"https:\/\/www.environnement48.fr\/en\/wp-json\/wp\/v2\/users\/1"}],"replies":[{"embeddable":true,"href":"https:\/\/www.environnement48.fr\/en\/wp-json\/wp\/v2\/comments?post=192"}],"version-history":[{"count":10,"href":"https:\/\/www.environnement48.fr\/en\/wp-json\/wp\/v2\/pages\/192\/revisions"}],"predecessor-version":[{"id":3855,"href":"https:\/\/www.environnement48.fr\/en\/wp-json\/wp\/v2\/pages\/192\/revisions\/3855"}],"up":[{"embeddable":true,"href":"https:\/\/www.environnement48.fr\/en\/wp-json\/wp\/v2\/pages\/1823"}],"wp:attachment":[{"href":"https:\/\/www.environnement48.fr\/en\/wp-json\/wp\/v2\/media?parent=192"}],"curies":[{"name":"wp","href":"https:\/\/api.w.org\/{rel}","templated":true}]}}